{"id":4289,"date":"2024-05-13T17:33:04","date_gmt":"2024-05-13T15:33:04","guid":{"rendered":"https:\/\/lestradedeivaldesi.com\/discover\/european-partners\/"},"modified":"2024-05-13T18:16:20","modified_gmt":"2024-05-13T16:16:20","slug":"european-partners","status":"publish","type":"page","link":"https:\/\/lestradedeivaldesi.com\/en\/discover\/european-partners\/","title":{"rendered":"European Partners"},"content":{"rendered":"<p><div class=\"fusion-fullwidth fullwidth-box fusion-builder-row-1 fusion-flex-container nonhundred-percent-fullwidth non-hundred-percent-height-scrolling\" style=\"--awb-background-position:left top;--awb-border-sizes-top:0px;--awb-border-sizes-bottom:0px;--awb-border-sizes-left:0px;--awb-border-sizes-right:0px;--awb-border-radius-top-left:0px;--awb-border-radius-top-right:0px;--awb-border-radius-bottom-right:0px;--awb-border-radius-bottom-left:0px;--awb-padding-top:50px;--awb-padding-bottom:50px;--awb-background-color:#5e9ace;--awb-flex-wrap:wrap;\" ><div class=\"fusion-builder-row fusion-row fusion-flex-align-items-flex-start fusion-flex-content-wrap\" style=\"max-width:calc( 1300px + 0px );margin-left: calc(-0px \/ 2 );margin-right: calc(-0px \/ 2 );\"><div class=\"fusion-layout-column fusion_builder_column fusion-builder-column-0 fusion_builder_column_1_1 1_1 fusion-flex-column\" style=\"--awb-bg-size:cover;--awb-width-large:100%;--awb-margin-top-large:0px;--awb-spacing-right-large:0px;--awb-margin-bottom-large:0px;--awb-spacing-left-large:0px;--awb-width-medium:100%;--awb-spacing-right-medium:0px;--awb-spacing-left-medium:0px;--awb-width-small:100%;--awb-spacing-right-small:0px;--awb-spacing-left-small:0px;\"><div class=\"fusion-column-wrapper fusion-flex-justify-content-flex-start fusion-content-layout-column\"><div class=\"fusion-title title fusion-title-1 fusion-sep-none fusion-title-center fusion-title-text fusion-title-size-two\" style=\"--awb-text-color:#ffffff;--awb-margin-bottom-small:10px;\"><h2 class=\"fusion-title-heading title-heading-center fusion-responsive-typography-calculated\" style=\"margin:0;--fontSize:32;line-height:1.31;\"><h1 style=\"text-align: center;\"><span style=\"color: #ffffff;\">European heritage worth safeguarding<\/span><\/h1><\/h2><\/div><\/div><\/div><\/div><\/div><div class=\"fusion-fullwidth fullwidth-box fusion-builder-row-2 fusion-flex-container nonhundred-percent-fullwidth non-hundred-percent-height-scrolling\" style=\"--awb-background-position:left top;--awb-border-sizes-top:0px;--awb-border-sizes-bottom:0px;--awb-border-sizes-left:0px;--awb-border-sizes-right:0px;--awb-border-radius-top-left:0px;--awb-border-radius-top-right:0px;--awb-border-radius-bottom-right:0px;--awb-border-radius-bottom-left:0px;--awb-padding-top:3%;--awb-padding-bottom:2%;--awb-background-color:#ffffff;--awb-flex-wrap:wrap;\" ><div class=\"fusion-builder-row fusion-row fusion-flex-align-items-flex-start fusion-flex-content-wrap\" style=\"max-width:1352px;margin-left: calc(-4% \/ 2 );margin-right: calc(-4% \/ 2 );\"><div class=\"fusion-layout-column fusion_builder_column fusion-builder-column-1 fusion_builder_column_1_1 1_1 fusion-flex-column\" style=\"--awb-bg-size:cover;--awb-width-large:100%;--awb-margin-top-large:50px;--awb-spacing-right-large:1.92%;--awb-margin-bottom-large:60px;--awb-spacing-left-large:1.92%;--awb-width-medium:100%;--awb-order-medium:0;--awb-margin-top-medium:30px;--awb-spacing-right-medium:1.92%;--awb-spacing-left-medium:1.92%;--awb-width-small:100%;--awb-order-small:0;--awb-margin-top-small:10px;--awb-spacing-right-small:1.92%;--awb-spacing-left-small:1.92%;\" data-scroll-devices=\"small-visibility,medium-visibility,large-visibility\"><div class=\"fusion-column-wrapper fusion-column-has-shadow fusion-flex-justify-content-flex-start fusion-content-layout-column\"><div class=\"fusion-text fusion-text-1\"><h2>A European Cultural Itinerary<\/h2>\n<p align=\"justify\">The network of Waldensian and Huguenot Routes were certified as a <a href=\"https:\/\/www.coe.int\/it\/web\/cultural-routes\/the-huguenot-and-waldensian-trail\"><strong>&#8220;Council of Europe Cultural Route&#8221;<\/strong><\/a>, in 2013.<\/p>\n<h2>The Values of the Council of Europe<\/h2>\n<p align=\"justify\">This hiking trail aims to highlight the historical exile of Huguenots and Waldensians and their gradual integration into their host countries as an important part of our common European history and heritage. It also focuses on the importance of freedom, respect for human rights, tolerance and solidarity as indispensable values for Europe.<\/p>\n<h2>A Brief History<\/h2>\n<p align=\"justify\">&#8220;The Waldensian and Huguenot Roads&#8221; is a 2000 km long European cultural itinerary which traces the history of the exile of the Waldensians and Huguenots (French Reformed), who in the 1680s were forced to flee from the Waldensian Valleys and from France because of religious persecution. Having been welcomed as refugees in Switzerland and northern Europe after their escape, in 1689 the Waldensians returned to their valleys and regained the right to live there while maintaining their religious denomination.<\/p>\n<h2>Travelling today<\/h2>\n<p align=\"justify\">Today this story of exile starts from Po\u00ebt Laval in France, and Saluzzo in Italy and extends, via Switzerland (the routes from France and Italy meet in Geneva), to Baden-W\u00fcrttemberg and then Hesse in Germany. Along the way, the Waldensians and Huguenots founded various settlements which are rich hubs cultural heritage, although it cannot be forgotten that they also serve as a modern reminder of the existence of religious persecution, displacement, migration and integration.<\/p>\n<p>For the part of the route linked to the Glorious Repatriation, the itinerary starts in Geneva, and after crossing several Alpine valleys, arrives in Bobbio Pellice &#8211; a place which is also the starting point of the initial round-ups and imprisonment of the Waldensians &#8211; events which date back to 1686 and which preceded the exile and the Repatriation.<\/p>\n<p>The itinerary includes many cultural and historical attractions, as well as being astonishingly beautiful in parts. Travellers who take the route will experience a wide variety of European culture, discover a shared history, and enjoy convivial moments based on the acceptance of others, while continuing to develop a sense of self-awareness.<\/p>\n<\/div><div class=\"fusion-separator fusion-full-width-sep\" style=\"align-self: center;margin-left: auto;margin-right: auto;margin-bottom:50px;width:100%;\"><\/div><div class=\"fusion-builder-row fusion-builder-row-inner fusion-row fusion-flex-align-items-flex-start fusion-flex-content-wrap\" style=\"width:104% !important;max-width:104% !important;margin-left: calc(-4% \/ 2 );margin-right: calc(-4% \/ 2 );\"><div class=\"fusion-layout-column fusion_builder_column_inner fusion-builder-nested-column-0 fusion_builder_column_inner_1_3 1_3 fusion-flex-column\" style=\"--awb-bg-size:cover;--awb-border-color:var(--awb-color5);--awb-border-style:solid;--awb-width-large:33.333333333333%;--awb-margin-top-large:0px;--awb-spacing-right-large:5.76%;--awb-margin-bottom-large:0px;--awb-spacing-left-large:5.76%;--awb-width-medium:100%;--awb-order-medium:0;--awb-spacing-right-medium:1.92%;--awb-spacing-left-medium:1.92%;--awb-width-small:100%;--awb-order-small:0;--awb-spacing-right-small:1.92%;--awb-spacing-left-small:1.92%;\" data-scroll-devices=\"small-visibility,medium-visibility,large-visibility\"><div class=\"fusion-column-wrapper fusion-column-has-shadow fusion-flex-justify-content-flex-start fusion-content-layout-column\"><div class=\"fusion-text fusion-text-2\"><h3 style=\"text-align: center;\"><strong>GERMANY<\/strong><\/h3>\n<p style=\"text-align: center;\"><strong>Hugenotten-und Waldenserpfad e.V.<\/strong><br \/>\nHugenottenallee 53<br \/>\n63263 Neu-Isenburg<\/p>\n<p style=\"text-align: center;\"><a href=\"https:\/\/www.hugenotten-waldenserpfad.eu\">www.hugenotten-waldenserpfad.eu<\/a><br \/>\n<a href=\"mailto:info@hugenotten-waldenserpfad.eu\">info@hugenotten-waldenserpfad.eu<\/a><\/p>\n<\/div><\/div><\/div><div class=\"fusion-layout-column fusion_builder_column_inner fusion-builder-nested-column-1 fusion_builder_column_inner_1_3 1_3 fusion-flex-column\" style=\"--awb-bg-size:cover;--awb-border-color:var(--awb-color5);--awb-border-style:solid;--awb-width-large:33.333333333333%;--awb-margin-top-large:0px;--awb-spacing-right-large:5.76%;--awb-margin-bottom-large:0px;--awb-spacing-left-large:5.76%;--awb-width-medium:100%;--awb-order-medium:0;--awb-spacing-right-medium:1.92%;--awb-spacing-left-medium:1.92%;--awb-width-small:100%;--awb-order-small:0;--awb-spacing-right-small:1.92%;--awb-spacing-left-small:1.92%;\" data-scroll-devices=\"small-visibility,medium-visibility,large-visibility\"><div class=\"fusion-column-wrapper fusion-column-has-shadow fusion-flex-justify-content-flex-start fusion-content-layout-column\"><div class=\"fusion-text fusion-text-3\"><h3 style=\"text-align: center;\"><strong>SWITZERLAND<\/strong><\/h3>\n<p style=\"text-align: center;\"><strong>Fondation &#8211; Stiftung VIA<\/strong><br \/>\nAmthausgasse 6<br \/>\nBoite postale 619<br \/>\n3011 Berne 7<\/p>\n<p style=\"text-align: center;\"><a href=\"https:\/\/www.via-huguenots.ch\/\">www.via-huguenots.ch<\/a><br \/>\n<a href=\"https:\/\/www.via-huguenots-geneve.ch\/\">www.via-huguenots-geneve.ch<\/a><br \/>\n<a href=\"https:\/\/www.via-huguenots-vd.ch\/\">www.via-huguenots-vd.ch\/<\/a><br \/>\n<a href=\"mailto:info@via-huguenots.ch\">info@via-huguenots.ch<\/a><\/p>\n<\/div><\/div><\/div><div class=\"fusion-layout-column fusion_builder_column_inner fusion-builder-nested-column-2 fusion_builder_column_inner_1_3 1_3 fusion-flex-column\" style=\"--awb-bg-size:cover;--awb-width-large:33.333333333333%;--awb-margin-top-large:0px;--awb-spacing-right-large:5.76%;--awb-margin-bottom-large:0px;--awb-spacing-left-large:5.76%;--awb-width-medium:100%;--awb-order-medium:0;--awb-spacing-right-medium:1.92%;--awb-spacing-left-medium:1.92%;--awb-width-small:100%;--awb-order-small:0;--awb-spacing-right-small:1.92%;--awb-spacing-left-small:1.92%;\"><div class=\"fusion-column-wrapper fusion-column-has-shadow fusion-flex-justify-content-flex-start fusion-content-layout-column\"><div class=\"fusion-text fusion-text-4\"><h3 style=\"text-align: center;\"><strong>FRANCE<\/strong><\/h3>\n<p style=\"text-align: center;\"><strong>F\u00e9d\u00e9ration Fran\u00e7aise &#8220;Sur les pas des Huguenots et des Vaudois&#8221;<\/strong><br \/>\n8 Rue Garde de Dieu<br \/>\n26220 Dieulefit<\/p>\n<p style=\"text-align: center;\"><a href=\"https:\/\/www.surlespasdeshuguenots.eu\">www.surlespasdeshuguenots.eu<\/a><br \/>\n<a href=\"mailto:info@surlespasdeshuguenots.eu\">info@surlespasdeshuguenots.eu<\/a><\/p>\n<\/div><\/div><\/div><\/div><\/div><\/div><\/div><\/div><div class=\"fusion-fullwidth fullwidth-box fusion-builder-row-3 fusion-flex-container has-pattern-background has-mask-background fusion-parallax-none hundred-percent-fullwidth non-hundred-percent-height-scrolling fusion-no-small-visibility lazyload\" style=\"--awb-border-sizes-top:0px;--awb-border-sizes-bottom:0px;--awb-border-sizes-left:0px;--awb-border-sizes-right:0px;--awb-border-radius-top-left:0px;--awb-border-radius-top-right:0px;--awb-border-radius-bottom-right:0px;--awb-border-radius-bottom-left:0px;--awb-padding-top:0px;--awb-padding-right:0px;--awb-padding-bottom:0px;--awb-padding-left:0px;--awb-margin-top:0px;--awb-margin-bottom:0px;--awb-background-size:cover;--awb-flex-wrap:wrap;\" data-bg=\"https:\/\/lestradedeivaldesi.com\/wp-content\/uploads\/2022\/01\/Banner_Guida_Strade_Valdesi_Ugonotti.jpg\" ><div class=\"fusion-builder-row fusion-row fusion-flex-align-items-center fusion-flex-align-content-center fusion-flex-justify-content-center fusion-flex-content-wrap\" style=\"width:104% !important;max-width:104% !important;margin-left: calc(-4% \/ 2 );margin-right: calc(-4% \/ 2 );\"><div class=\"fusion-layout-column fusion_builder_column fusion-builder-column-2 fusion_builder_column_1_1 1_1 fusion-flex-column fusion-column-inner-bg-wrapper\" style=\"--awb-inner-bg-size:cover;--awb-width-large:100%;--awb-margin-top-large:0px;--awb-spacing-right-large:1.92%;--awb-margin-bottom-large:0px;--awb-spacing-left-large:1.92%;--awb-width-medium:100%;--awb-order-medium:0;--awb-spacing-right-medium:1.92%;--awb-spacing-left-medium:1.92%;--awb-width-small:100%;--awb-order-small:0;--awb-spacing-right-small:1.92%;--awb-spacing-left-small:1.92%;\"><span class=\"fusion-column-inner-bg hover-type-none\"><a class=\"fusion-column-anchor\" href=\"https:\/\/fondazionevaldese.org\/bookshop\/\" rel=\"noopener noreferrer\" target=\"_blank\"><span class=\"fusion-column-inner-bg-image\"><\/span><\/a><\/span><div class=\"fusion-column-wrapper fusion-column-has-shadow fusion-flex-justify-content-flex-start fusion-content-layout-column\"><div class=\"fusion-separator fusion-full-width-sep\" style=\"align-self: center;margin-left: auto;margin-right: auto;margin-top:88px;margin-bottom:88px;width:100%;\"><\/div><\/div><\/div><\/div><\/div>\n<\/p>\n","protected":false},"excerpt":{"rendered":"","protected":false},"author":1,"featured_media":0,"parent":3979,"menu_order":0,"comment_status":"closed","ping_status":"closed","template":"100-width.php","meta":{"_monsterinsights_skip_tracking":false,"_monsterinsights_sitenote_active":false,"_monsterinsights_sitenote_note":"","_monsterinsights_sitenote_category":0,"footnotes":""},"class_list":["post-4289","page","type-page","status-publish","hentry"],"_links":{"self":[{"href":"https:\/\/lestradedeivaldesi.com\/en\/wp-json\/wp\/v2\/pages\/4289","targetHints":{"allow":["GET"]}}],"collection":[{"href":"https:\/\/lestradedeivaldesi.com\/en\/wp-json\/wp\/v2\/pages"}],"about":[{"href":"https:\/\/lestradedeivaldesi.com\/en\/wp-json\/wp\/v2\/types\/page"}],"author":[{"embeddable":true,"href":"https:\/\/lestradedeivaldesi.com\/en\/wp-json\/wp\/v2\/users\/1"}],"replies":[{"embeddable":true,"href":"https:\/\/lestradedeivaldesi.com\/en\/wp-json\/wp\/v2\/comments?post=4289"}],"version-history":[{"count":5,"href":"https:\/\/lestradedeivaldesi.com\/en\/wp-json\/wp\/v2\/pages\/4289\/revisions"}],"predecessor-version":[{"id":4294,"href":"https:\/\/lestradedeivaldesi.com\/en\/wp-json\/wp\/v2\/pages\/4289\/revisions\/4294"}],"up":[{"embeddable":true,"href":"https:\/\/lestradedeivaldesi.com\/en\/wp-json\/wp\/v2\/pages\/3979"}],"wp:attachment":[{"href":"https:\/\/lestradedeivaldesi.com\/en\/wp-json\/wp\/v2\/media?parent=4289"}],"curies":[{"name":"wp","href":"https:\/\/api.w.org\/{rel}","templated":true}]}}